{"id":18465,"date":"2021-10-25T14:15:00","date_gmt":"2021-10-25T19:15:00","guid":{"rendered":"https:\/\/www.rsslex.com\/firm\/historique\/"},"modified":"2025-05-12T12:29:23","modified_gmt":"2025-05-12T16:29:23","slug":"history","status":"publish","type":"page","link":"https:\/\/www.rsslex.com\/en\/firm\/history\/","title":{"rendered":"History"},"content":{"rendered":"<h2>A Century, Already<\/h2>\n<p>This year, the firm is celebrating an important milestone in its history: its centenary. In 1921, driven by their passion for law and their entrepreneurial spirit, Benjamin Robinson and Joseph Shapiro founded their firm in modest offices on Saint-Jacques Street. They believed in their lucky star and were confident that their efforts would be successful. Perhaps they were also betting on the possibility that their respective sons would follow in their footsteps. This is what happened when Jonathan J. Robinson and Barry H. Shapiro joined the team. Claude-Armand Sheppard, who would later become one of the country\u2019s most respected litigators, followed them soon after, and the firm eventually became Robinson Sheppard Shapiro.<\/p>\n<p>Over the past century, RSS did not remain a silent witness to the profound changes that happened in Quebec. The firm played a major part in the development of the events that shaped the province as we know it today. RSS\u2019s lawyers proudly reflect their diversity and are happy to promote values such as mutual respect, compassion and empathy. Despite radical changes that have shaken the world, despite the differences between the past and our time, despite the contrast between the beginnings of RSS and its contemporary aspect, there are some constants in our history. RSS has always been a leading firm, made up of exceptional people driven by a common passion for the law and their concern to support their clients\u2019 initiatives and play a useful role in society. The concern to \u201cgive back\u201d to the community by joining social and philanthropic organizations has been a core value of RSS since its inception.<\/p>\n<p>RSS has never lost its vitality. This continuity can be explained by the continuing work, sincere commitment, and dedication that have always been at the heart of our culture. And of course, the quality of the relationship with our clients remains an essential component of the firm\u2019s identity.<\/p>\n<p><strong>Here are some dates and events that have marked the evolution of the firm.<\/strong><\/p>\n<h3>1892<\/h3>\n<p>The youngest of nine children in a family of Russian immigrants, Benjamin Robinson is born and raised in Portland, Maine.<\/p>\n<hr \/>\n<h3>1899<\/h3>\n<p>Joseph Shapiro is born and raised in Montr\u00e9al. He is the second in a family of eight children.<\/p>\n<hr \/>\n<h3>1915<\/h3>\n<p>Benjamin Robinson graduates from Harvard University.<\/p>\n<hr \/>\n<h3>1919<\/h3>\n<p>Joseph Shapiro and Benjamin Robinson graduate from McGill University\u2019s Faculty of Law.<\/p>\n<hr \/>\n<h3>1921<\/h3>\n<p>Benjamin Robinson and Joseph Shapiro found the law firm of Robinson &amp; Shapiro and move to the Transportation Building at 132 St-Jacques Street West in Montr\u00e9al. In just a few years, Robinson &amp; Shapiro becomes one of the most prestigious small law firms in town. With a practice encompassing several areas of law, the firm quickly draws an enviable clientele.<\/p>\n<hr \/>\n<h3>1931\u20131947<\/h3>\n<p>Both Benjamin Robinson and Joseph Shapiro are very active in the Jewish community in Montr\u00e9al and are heavily involved in the immigration to Canada of refugees from Europe before, during and after the Second World War. The two become successively president of the Jewish Immigrant Aid Society of Montr\u00e9al.<\/p>\n<hr \/>\n<h3>1938\u20131940<\/h3>\n<p>Between 1938 and 1940, they were both appointed King\u2019s Counsel, in recognition of their excellence in the practice of law.<\/p>\n<hr \/>\n<h3>1948<\/h3>\n<p>Benjamin Robinson and Joseph Shapiro helped found the Lord Reading Law Society, an organization that is still active and flourishing today and whose purpose is to support and advance the interests and well-being of Jewish lawyers who, at the time, were victims of various forms of discrimination. Both will serve as President of this association\u00a0\u2014 as several other members of the firm in later years.<\/p>\n<hr \/>\n<h3>1949<\/h3>\n<p>Following the creation of the Lord Reading Law Society, Harry Batshaw was the first Jewish judge appointed to the Superior Court in 1949. That same year, Benjamin Robinson was the first Jew elected to the Board of the Bar of Montr\u00e9al. He was followed by Joseph Shapiro, who was also elected to the Board of the Bar of Montr\u00e9al.<\/p>\n<hr \/>\n<h3>1953<\/h3>\n<p>Jonathan J. Robinson joins the firm\u2019s growing practice as a business and litigation lawyer.<\/p>\n<hr \/>\n<h3>1959<\/h3>\n<p><a href=\"https:\/\/www.rsslex.com\/en\/team\/claude-armand-sheppard\/\">Claude-Armand Sheppard<\/a> joins the firm. He quickly stands out as both a corporate lawyer and a litigator, both in civil and criminal cases.<\/p>\n<p>Also in 1959, Benjamin Robinson was appointed a judge of the Superior Court.<\/p>\n<p>The arrival of Claude-Armand Sheppard initiated a trend that led the firm to recruit Francophones and Anglophones of all origins. This new practice ensures that the composition of the firm now reflects Quebec society in all its diversity.<\/p>\n<p>The name of the firm is changed to Robinson Sheppard Shapiro<\/p>\n<hr \/>\n<h3>1962<\/h3>\n<p>In the early \u201960s, after more than forty years of professional success and enjoying the respect of his colleagues as a lawyer and as a gentleman, Joseph Shapiro retires.<\/p>\n<hr \/>\n<h3>1964<\/h3>\n<p>After 43 years in the Transportation Building, the firm moves to the Tour de la Bourse, Place Victoria, where it now occupies the top two floors.<\/p>\n<hr \/>\n<h3>1965<\/h3>\n<p><a href=\"https:\/\/www.rsslex.com\/en\/team\/barry-h-shapiro\/\">Barry H. Shapiro<\/a> joins the firm as a business and <a href=\"https:\/\/www.rsslex.com\/en\/services\/domaines\/corporate-law\/\">corporate<\/a> lawyer. Following in his father\u2019s footsteps, he was subsequently elected president of the Lord Reading Law Society. A few years later, <a href=\"https:\/\/www.rsslex.com\/en\/team\/charles-e-flam\/\">Charles E. Flam<\/a>, and <a href=\"https:\/\/www.rsslex.com\/en\/team\/herbert-z-pinchuk\/\">Herbert Z. Pinchuk<\/a>, now head of the <a href=\"https:\/\/www.rsslex.com\/en\/services\/domaines\/business-law\/\">business law<\/a> department, joined the firm.<\/p>\n<p>The firm is now nine lawyers strong. It specializes in business law and <a href=\"https:\/\/www.rsslex.com\/en\/services\/domaines\/civil-and-commercial-litigation\/\">civil litigation<\/a>.<\/p>\n<hr \/>\n<h3>1970<\/h3>\n<p>Claude-Armand Sheppard pleaded many high-profile trials, including the defence of Dr. Henry Morgentaler, whose three jury acquittals eventually led to fundamental changes in the abortion law.<\/p>\n<hr \/>\n<h3>1974<\/h3>\n<p><a href=\"https:\/\/www.rsslex.com\/en\/team\/yves-cousineau\/\">Yves Cousineau<\/a> joins the firm: our <a href=\"https:\/\/www.rsslex.com\/en\/services\/secteurs\/insurance\/\">Insurance Law Group<\/a> is now three lawyers strong.<\/p>\n<hr \/>\n<h3>1976<\/h3>\n<p>A pivotal year for RSS.<\/p>\n<p><a href=\"https:\/\/www.rsslex.com\/en\/team\/michel-green\/\">Michel Green<\/a>\u00a0joins us. Soon after, the newly-elected government of Quebec announces its intention to replace the liability regime for auto accidents by a State-operated, no-fault plan. Numerous lawyers and the insurance industry are stunned. Michel Green refuses to take this lying down and sets out to develop a team that will supply the complete array of litigation services to the insurance industry. From that point, the group experiences a steady growth.<\/p>\n<p>Almost at the same time,\u00a0<a href=\"https:\/\/www.rsslex.com\/en\/team\/lynne-kassie\/\">Lynne Kassie<\/a> joins RSS. The Divorce Act is barely a few years old, and the legal community feels a need for specialized lawyers capable of handling cases with complex economic and human stakes. The <a href=\"https:\/\/www.rsslex.com\/en\/services\/domaines\/family-law\/\">Family Law<\/a> Group that she assembles quickly becomes one of the most important and respected teams in Quebec.<\/p>\n<hr \/>\n<h3>1977<\/h3>\n<p>Following the computer revolution and in order to replace the old typewriters and carbon paper, the firm installs its first word processing system, ancestor of today\u2019s computers.<\/p>\n<hr \/>\n<h3>1992<\/h3>\n<p>With the growth of the firm, and the growing needs of our clients in tax law, this practice is added to the overall services of Robinson Sheppard Shapiro. It is now headed by <a href=\"https:\/\/www.rsslex.com\/en\/team\/martin-lord\/\">Martin Lord<\/a>.<\/p>\n<hr \/>\n<h3>1996<\/h3>\n<p>With the merger of Goloff &amp; Boucher, RSS adds the practice of labour and employment law to its skills. Shortly thereafter, RSS adds another area of practice, transport law, with the arrival of Louise Baillargeon and her team. Robinson Sheppard Shapiro is then 42 lawyers strong.<\/p>\n<hr \/>\n<h3>2000<\/h3>\n<p>In order to expand its practice and offer new services to its clients, Lebel &amp; Associ\u00e9s is joining the banking law group of Robinson Sheppard Shapiro. In addition, on the eve of the 21st\u00a0 century, Robinson Sheppard Shapiro adopts a new logo and the RSS brand.<\/p>\n<hr \/>\n<h3>2001<\/h3>\n<p>RSS joins, as its Quebec representative, the <a href=\"https:\/\/www.ilntoday.com\/\">International Lawyers Network<\/a> (ILN). This network includes more than 5,000 lawyers in nearly 70 countries around the world. This affiliation allows RSS to serve its customers internationally.<\/p>\n<hr \/>\n<h3>2002<\/h3>\n<p>Following its merger with Arcand, Duval, Doyon, a leading immigration law firm, RSS adds new services to meet the demand caused by the globalization of markets and the movement of human capital. In addition to its presence in Montr\u00e9al, the practice group includes offices in Hong Kong and Shanghai through an affiliated firm.<\/p>\n<hr \/>\n<h3>2003<\/h3>\n<p>In addition to the internal growth of each expertise, there is the arrival of a group of lawyers specializing in the practice of maritime law<\/p>\n<hr \/>\n<h3>2005<\/h3>\n<p>The firm becomes a limited liability partnership: Robinson Sheppard Shapiro LLP.<\/p>\n<hr \/>\n<h3>2009<\/h3>\n<p>The members of the firm set up the <a href=\"https:\/\/www.rsslex.com\/en\/firm\/rss-foundation\/\">RSS Foundation<\/a>, whose objective is to support local organizations that help the most deprived. Even today, the Foundation supports about thirty charities annually.<\/p>\n<hr \/>\n<h3>2016<\/h3>\n<p>RSS opens an office in Saguenay, to meet the needs of its clientele in Eastern Quebec, particularly in the <a href=\"https:\/\/www.rsslex.com\/en\/services\/secteurs\/construction\/\">construction<\/a> sector.<\/p>\n<hr \/>\n<h3>2018<\/h3>\n<p>RSS settles in Saint-J\u00e9r\u00f4me, to get closer to its customers in the north shore of Montr\u00e9al and the Laurentians. This office will remain in operation for four years.<\/p>\n<hr \/>\n<h3>2020<\/h3>\n<p>After nearly four decades, Charles E. Flam retires as the firm\u2019s managing partner and chief executive officer.\u00a0<\/p>\n<p>Andrew Penhale, who had been a partner for a few years, returns to RSS and is appointed Managing Partner.<\/p>\n<hr \/>\n<h3>2021<\/h3>\n<p>Over the past few years, the firm has grown rapidly.<\/p>\n<p>\u200bRSS is now around 90 lawyers strong. The <a href=\"https:\/\/www.rsslex.com\/en\/services\/domaines\/insurance-law\/\">Insurance Law<\/a> Group is now a team of over 40 legal professionals. RSS is named Canada\u2019s 2021 Insurance Law Firm of the Year by Best Lawyers magazine, which also gives top ratings to nine individual lawyers from the Group.<\/p>\n<p>While in the 1950s, RSS had become one of the first firms to recognize the place of women in the practice of law, they now occupy 40% of the decision-making positions in the firm.<\/p>\n<p>Nine former RSS partners have been appointed judges of the Superior Court.<\/p>\n<p>RSS is now a bilingual, multicultural firm, whose culture promotes excellence in the practice of law, integrity, quality of life, stability and contribution to society, both in terms of of services than of philanthropy.<\/p>\n<hr \/>\n<h3>2024<\/h3>\n<div class=\"flex max-w-full flex-col flex-grow\">\n<div class=\"min-h-[20px] text-message flex w-full flex-col items-end gap-2 whitespace-normal break-words [.text-message+&amp;]:mt-5\" dir=\"auto\" data-message-author-role=\"assistant\" data-message-id=\"a4c89079-fdb1-4dac-add7-c62d63f7df51\">\n<div class=\"flex w-full flex-col gap-1 empty:hidden first:pt-[3px]\">\n<div class=\"markdown prose w-full break-words dark:prose-invert light\">\n<p>Claude-Armand Sheppard celebrates 65 years with the firm, while Yves Cousineau marks 50 years at RSS.<\/p>\n<\/div>\n<\/div>\n<\/div>\n<\/div>\n","protected":false},"excerpt":{"rendered":"<p>A Century, Already This year, the firm is celebrating an important milestone in its history: its centenary. In 1921, driven by their passion for law and their entrepreneurial spirit, Benjamin Robinson and Joseph Shapiro founded their firm in modest offices on Saint-Jacques Street. They believed in their lucky star and were confident that their efforts [&hellip;]<\/p>\n","protected":false},"author":19,"featured_media":0,"parent":18462,"menu_order":2,"comment_status":"closed","ping_status":"closed","template":"","meta":{"_acf_changed":false,"_monsterinsights_skip_tracking":false,"_monsterinsights_sitenote_active":false,"_monsterinsights_sitenote_note":"","_monsterinsights_sitenote_category":0,"footnotes":""},"class_list":["post-18465","page","type-page","status-publish","hentry"],"acf":[],"yoast_head":"<!-- This site is optimized with the Yoast SEO plugin v27.4 - https:\/\/yoast.com\/product\/yoast-seo-wordpress\/ -->\n<title>History - RSS - Robinson Sheppard Shapiro<\/title>\n<meta name=\"robots\" content=\"index, follow, max-snippet:-1, max-image-preview:large, max-video-preview:-1\" \/>\n<link rel=\"canonical\" href=\"https:\/\/www.rsslex.com\/en\/firm\/history\/\" \/>\n<meta property=\"og:locale\" content=\"en_US\" \/>\n<meta property=\"og:type\" content=\"article\" \/>\n<meta property=\"og:title\" content=\"History - RSS - Robinson Sheppard Shapiro\" \/>\n<meta property=\"og:description\" content=\"A Century, Already This year, the firm is celebrating an important milestone in its history: its centenary. In 1921, driven by their passion for law and their entrepreneurial spirit, Benjamin Robinson and Joseph Shapiro founded their firm in modest offices on Saint-Jacques Street. They believed in their lucky star and were confident that their efforts [&hellip;]\" \/>\n<meta property=\"og:url\" content=\"https:\/\/www.rsslex.com\/en\/firm\/history\/\" \/>\n<meta property=\"og:site_name\" content=\"RSS - Robinson Sheppard Shapiro\" \/>\n<meta property=\"article:publisher\" content=\"https:\/\/www.facebook.com\/rsslex\/\" \/>\n<meta property=\"article:modified_time\" content=\"2025-05-12T16:29:23+00:00\" \/>\n<meta property=\"og:image\" content=\"https:\/\/www.rsslex.com\/wp-content\/uploads\/2022\/03\/Placeholder-News.png\" \/>\n\t<meta property=\"og:image:width\" content=\"1000\" \/>\n\t<meta property=\"og:image:height\" content=\"500\" \/>\n\t<meta property=\"og:image:type\" content=\"image\/png\" \/>\n<meta name=\"twitter:card\" content=\"summary_large_image\" \/>\n<meta name=\"twitter:label1\" content=\"Est. reading time\" \/>\n\t<meta name=\"twitter:data1\" content=\"9 minutes\" \/>\n<script type=\"application\/ld+json\" class=\"yoast-schema-graph\">{\"@context\":\"https:\\\/\\\/schema.org\",\"@graph\":[{\"@type\":\"WebPage\",\"@id\":\"https:\\\/\\\/www.rsslex.com\\\/en\\\/firm\\\/history\\\/\",\"url\":\"https:\\\/\\\/www.rsslex.com\\\/en\\\/firm\\\/history\\\/\",\"name\":\"History - RSS - Robinson Sheppard Shapiro\",\"isPartOf\":{\"@id\":\"https:\\\/\\\/www.rsslex.com\\\/en\\\/#website\"},\"datePublished\":\"2021-10-25T19:15:00+00:00\",\"dateModified\":\"2025-05-12T16:29:23+00:00\",\"breadcrumb\":{\"@id\":\"https:\\\/\\\/www.rsslex.com\\\/en\\\/firm\\\/history\\\/#breadcrumb\"},\"inLanguage\":\"en-US\",\"potentialAction\":[{\"@type\":\"ReadAction\",\"target\":[\"https:\\\/\\\/www.rsslex.com\\\/en\\\/firm\\\/history\\\/\"]}]},{\"@type\":\"BreadcrumbList\",\"@id\":\"https:\\\/\\\/www.rsslex.com\\\/en\\\/firm\\\/history\\\/#breadcrumb\",\"itemListElement\":[{\"@type\":\"ListItem\",\"position\":1,\"name\":\"RSS\",\"item\":\"https:\\\/\\\/www.rsslex.com\\\/en\\\/\"},{\"@type\":\"ListItem\",\"position\":2,\"name\":\"Firm\",\"item\":\"https:\\\/\\\/www.rsslex.com\\\/en\\\/firm\\\/\"},{\"@type\":\"ListItem\",\"position\":3,\"name\":\"History\"}]},{\"@type\":\"WebSite\",\"@id\":\"https:\\\/\\\/www.rsslex.com\\\/en\\\/#website\",\"url\":\"https:\\\/\\\/www.rsslex.com\\\/en\\\/\",\"name\":\"RSS - Robinson Sheppard Shapiro\",\"description\":\"\",\"potentialAction\":[{\"@type\":\"SearchAction\",\"target\":{\"@type\":\"EntryPoint\",\"urlTemplate\":\"https:\\\/\\\/www.rsslex.com\\\/en\\\/?s={search_term_string}\"},\"query-input\":{\"@type\":\"PropertyValueSpecification\",\"valueRequired\":true,\"valueName\":\"search_term_string\"}}],\"inLanguage\":\"en-US\"}]}<\/script>\n<!-- \/ Yoast SEO plugin. -->","yoast_head_json":{"title":"History - RSS - Robinson Sheppard Shapiro","robots":{"index":"index","follow":"follow","max-snippet":"max-snippet:-1","max-image-preview":"max-image-preview:large","max-video-preview":"max-video-preview:-1"},"canonical":"https:\/\/www.rsslex.com\/en\/firm\/history\/","og_locale":"en_US","og_type":"article","og_title":"History - RSS - Robinson Sheppard Shapiro","og_description":"A Century, Already This year, the firm is celebrating an important milestone in its history: its centenary. In 1921, driven by their passion for law and their entrepreneurial spirit, Benjamin Robinson and Joseph Shapiro founded their firm in modest offices on Saint-Jacques Street. They believed in their lucky star and were confident that their efforts [&hellip;]","og_url":"https:\/\/www.rsslex.com\/en\/firm\/history\/","og_site_name":"RSS - Robinson Sheppard Shapiro","article_publisher":"https:\/\/www.facebook.com\/rsslex\/","article_modified_time":"2025-05-12T16:29:23+00:00","og_image":[{"width":1000,"height":500,"url":"https:\/\/www.rsslex.com\/wp-content\/uploads\/2022\/03\/Placeholder-News.png","type":"image\/png"}],"twitter_card":"summary_large_image","twitter_misc":{"Est. reading time":"9 minutes"},"schema":{"@context":"https:\/\/schema.org","@graph":[{"@type":"WebPage","@id":"https:\/\/www.rsslex.com\/en\/firm\/history\/","url":"https:\/\/www.rsslex.com\/en\/firm\/history\/","name":"History - RSS - Robinson Sheppard Shapiro","isPartOf":{"@id":"https:\/\/www.rsslex.com\/en\/#website"},"datePublished":"2021-10-25T19:15:00+00:00","dateModified":"2025-05-12T16:29:23+00:00","breadcrumb":{"@id":"https:\/\/www.rsslex.com\/en\/firm\/history\/#breadcrumb"},"inLanguage":"en-US","potentialAction":[{"@type":"ReadAction","target":["https:\/\/www.rsslex.com\/en\/firm\/history\/"]}]},{"@type":"BreadcrumbList","@id":"https:\/\/www.rsslex.com\/en\/firm\/history\/#breadcrumb","itemListElement":[{"@type":"ListItem","position":1,"name":"RSS","item":"https:\/\/www.rsslex.com\/en\/"},{"@type":"ListItem","position":2,"name":"Firm","item":"https:\/\/www.rsslex.com\/en\/firm\/"},{"@type":"ListItem","position":3,"name":"History"}]},{"@type":"WebSite","@id":"https:\/\/www.rsslex.com\/en\/#website","url":"https:\/\/www.rsslex.com\/en\/","name":"RSS - Robinson Sheppard Shapiro","description":"","potentialAction":[{"@type":"SearchAction","target":{"@type":"EntryPoint","urlTemplate":"https:\/\/www.rsslex.com\/en\/?s={search_term_string}"},"query-input":{"@type":"PropertyValueSpecification","valueRequired":true,"valueName":"search_term_string"}}],"inLanguage":"en-US"}]}},"_links":{"self":[{"href":"https:\/\/www.rsslex.com\/en\/wp-json\/wp\/v2\/pages\/18465","targetHints":{"allow":["GET"]}}],"collection":[{"href":"https:\/\/www.rsslex.com\/en\/wp-json\/wp\/v2\/pages"}],"about":[{"href":"https:\/\/www.rsslex.com\/en\/wp-json\/wp\/v2\/types\/page"}],"author":[{"embeddable":true,"href":"https:\/\/www.rsslex.com\/en\/wp-json\/wp\/v2\/users\/19"}],"replies":[{"embeddable":true,"href":"https:\/\/www.rsslex.com\/en\/wp-json\/wp\/v2\/comments?post=18465"}],"version-history":[{"count":26,"href":"https:\/\/www.rsslex.com\/en\/wp-json\/wp\/v2\/pages\/18465\/revisions"}],"predecessor-version":[{"id":30375,"href":"https:\/\/www.rsslex.com\/en\/wp-json\/wp\/v2\/pages\/18465\/revisions\/30375"}],"up":[{"embeddable":true,"href":"https:\/\/www.rsslex.com\/en\/wp-json\/wp\/v2\/pages\/18462"}],"wp:attachment":[{"href":"https:\/\/www.rsslex.com\/en\/wp-json\/wp\/v2\/media?parent=18465"}],"curies":[{"name":"wp","href":"https:\/\/api.w.org\/{rel}","templated":true}]}}